{"id":218,"date":"2019-02-21T11:15:11","date_gmt":"2019-02-21T11:15:11","guid":{"rendered":"http:\/\/geotechnik-henzinger.at\/?page_id=218"},"modified":"2019-02-22T09:13:44","modified_gmt":"2019-02-22T09:13:44","slug":"datenschutz","status":"publish","type":"page","link":"http:\/\/geotechnik-henzinger.at\/?page_id=218","title":{"rendered":"Datenschutz"},"content":{"rendered":"\n<p>\nDer Schutz Ihrer pers\u00f6nlichen Daten ist uns wichtig. Wir verarbeiten \nIhre Daten ausschlie\u00dflich im Rahmen der gesetzlichen Bestimmungen \n(DSGVO, DSG 2000, TKG 2003). Nachfolgend informieren wir Sie \u00fcber die \nwichtigsten Aspekte der Datenverarbeitung im Rahmen unserer Website.\n\n<\/p>\n\n\n\n<hr class=\"wp-block-separator is-style-wide\"\/>\n\n\n\n<h2>Kontakt mit uns<\/h2>\n\n\n<p>Wenn Sie per E-Mail Kontakt mit uns aufnehmen, werden Ihre angegebenen Daten zwecks Bearbeitung der Anfrage und f\u00fcr den Fall von weiteren Fragen sechs Monate bei uns gespeichert. Diese Daten geben wir nicht ohne Ihre Einwilligung weiter.<\/p>\n\n\n<hr class=\"wp-block-separator is-style-wide\"\/>\n\n\n\n<h2> Cookies <\/h2>\n\n\n<p>Unsere Website verwendet Cookies. Dabei handelt es sich um kleine Textdateien, die mit Hilfe des Browsers auf Ihrem Endger\u00e4t abgelegt werden. Sie richten keinen Schaden an Ihrem Endger\u00e4t an.<br \/>Wir nutzen Cookies dazu, unser Angebot nutzerfreundlich zu gestalten. Die meisten der Cookies auf unserer Website sind sogenannte Session-Cookies. Sie werden automatisch gel\u00f6scht, wenn Sie unsere Website wieder verlassen. Dauerhafte Cookies hingegen bleiben auf Ihrem Computer, bis Sie sie manuell in Ihrem Browser l\u00f6schen. Wir verwenden solche dauerhaften Cookies, um Sie wieder zu erkennen, wenn Sie unsere Website das n\u00e4chste Mal besuchen.<br \/>Wenn Sie dies nicht w\u00fcnschen, k\u00f6nnen Sie Ihren Browser so einrichten, dass er Sie \u00fcber das Setzen von Cookies informiert und Sie dies nur im Einzelfall zulassen. Bei der Deaktivierung von Cookies kann die Funktionalit\u00e4t unserer Website eingeschr\u00e4nkt sein.<\/p>\n\n\n<hr class=\"wp-block-separator is-style-wide\"\/>\n\n\n\n<h2>Ihre Rechte <\/h2>\n\n\n<p>Sie haben grunds\u00e4tzlich das Recht auf Auskunft, Berichtigung, L\u00f6schung, Einschr\u00e4nkung der Verarbeitung, Daten\u00fcbertragbarkeit, Widerruf und Widerspruch. Wenn Sie glauben, dass die Verarbeitung Ihrer Daten gegen das Datenschutzrecht verst\u00f6\u00dft oder Ihre datenschutzrechtlichen Anspr\u00fcche in einer anderen Weise verletzt worden sind, k\u00f6nnen Sie sich bei der Aufsichtsbeh\u00f6rde beschweren. In \u00d6sterreich ist dies die Datenschutzbeh\u00f6rde.<\/p>\n\n\n<hr class=\"wp-block-separator is-style-wide\"\/>\n\n\n\n<h2>Unsere Kontaktdaten<\/h2>\n\n\n<p>Geotechnik Henzinger ZT GmbH<br \/>Plattachg 5<br \/>6095 Grinzens<br \/>T +43 (0) 5234 65533<br \/>office@geotechnik-henzinger.at<\/p>","protected":false},"excerpt":{"rendered":"<p>Der Schutz Ihrer pers\u00f6nlichen Daten ist uns wichtig. Wir verarbeiten Ihre Daten ausschlie\u00dflich im Rahmen der gesetzlichen Bestimmungen (DSGVO, DSG 2000, TKG 2003). Nachfolgend informieren wir Sie \u00fcber die wichtigsten Aspekte der Datenverarbeitung im Rahmen unserer Website. Kontakt mit uns Wenn Sie per E-Mail Kontakt mit uns aufnehmen, werden Ihre angegebenen Daten zwecks Bearbeitung der &hellip; <\/p>\n<p class=\"link-more\"><a href=\"http:\/\/geotechnik-henzinger.at\/?page_id=218\" class=\"more-link\"><span class=\"screen-reader-text\">\u201eDatenschutz\u201c<\/span> weiterlesen<\/a><\/p>\n","protected":false},"author":1,"featured_media":0,"parent":0,"menu_order":0,"comment_status":"closed","ping_status":"closed","template":"","meta":[],"_links":{"self":[{"href":"http:\/\/geotechnik-henzinger.at\/index.php?rest_route=\/wp\/v2\/pages\/218"}],"collection":[{"href":"http:\/\/geotechnik-henzinger.at\/index.php?rest_route=\/wp\/v2\/pages"}],"about":[{"href":"http:\/\/geotechnik-henzinger.at\/index.php?rest_route=\/wp\/v2\/types\/page"}],"author":[{"embeddable":true,"href":"http:\/\/geotechnik-henzinger.at\/index.php?rest_route=\/wp\/v2\/users\/1"}],"replies":[{"embeddable":true,"href":"http:\/\/geotechnik-henzinger.at\/index.php?rest_route=%2Fwp%2Fv2%2Fcomments&post=218"}],"version-history":[{"count":7,"href":"http:\/\/geotechnik-henzinger.at\/index.php?rest_route=\/wp\/v2\/pages\/218\/revisions"}],"predecessor-version":[{"id":246,"href":"http:\/\/geotechnik-henzinger.at\/index.php?rest_route=\/wp\/v2\/pages\/218\/revisions\/246"}],"wp:attachment":[{"href":"http:\/\/geotechnik-henzinger.at\/index.php?rest_route=%2Fwp%2Fv2%2Fmedia&parent=218"}],"curies":[{"name":"wp","href":"https:\/\/api.w.org\/{rel}","templated":true}]}}