{"id":21,"date":"2019-02-07T18:16:26","date_gmt":"2019-02-07T18:16:26","guid":{"rendered":"http:\/\/geotechnik-henzinger.at\/?page_id=21"},"modified":"2019-02-25T17:37:21","modified_gmt":"2019-02-25T17:37:21","slug":"ueber-uns","status":"publish","type":"page","link":"http:\/\/geotechnik-henzinger.at\/?page_id=21","title":{"rendered":"\u00dcBER UNS"},"content":{"rendered":"\n<p> 1988 wurde das Ziviltechnikerb\u00fcro <strong>Geotechnik Henzinger<\/strong> von Dr. J\u00f6rg Henzinger in Tirol gegr\u00fcndet. Seit Februar 2019 sind wir als <strong>Geotechnik Henzinger ZT GmbH<\/strong> t\u00e4tig. Als Ingenieurunternehmen bieten wir Beratungs- und Planungsleistungen in den Fachbereichen Bodenmechanik, Grundbau und Felsbau, ober als auch unter Tage an. Auf Grund der langj\u00e4hrigen Erfahrung im In- und Ausland k\u00f6nnen wir unser Fachwissen zur kundenorientierten und technisch sowie zur wirtschaftlich optimierten L\u00f6sung f\u00fcr Projekte jedweder Gr\u00f6\u00dfenordnung einsetzen. <\/p>\n\n\n\n<hr class=\"wp-block-separator is-style-wide\"\/>\n","protected":false},"excerpt":{"rendered":"<p>1988 wurde das Ziviltechnikerb\u00fcro Geotechnik Henzinger von Dr. J\u00f6rg Henzinger in Tirol gegr\u00fcndet. Seit Februar 2019 sind wir als Geotechnik Henzinger ZT GmbH t\u00e4tig. Als Ingenieurunternehmen bieten wir Beratungs- und Planungsleistungen in den Fachbereichen Bodenmechanik, Grundbau und Felsbau, ober als auch unter Tage an. Auf Grund der langj\u00e4hrigen Erfahrung im In- und Ausland k\u00f6nnen wir &hellip; <\/p>\n<p class=\"link-more\"><a href=\"http:\/\/geotechnik-henzinger.at\/?page_id=21\" class=\"more-link\"><span class=\"screen-reader-text\">\u201e\u00dcBER UNS\u201c<\/span> weiterlesen<\/a><\/p>\n","protected":false},"author":1,"featured_media":0,"parent":0,"menu_order":0,"comment_status":"closed","ping_status":"closed","template":"","meta":[],"_links":{"self":[{"href":"http:\/\/geotechnik-henzinger.at\/index.php?rest_route=\/wp\/v2\/pages\/21"}],"collection":[{"href":"http:\/\/geotechnik-henzinger.at\/index.php?rest_route=\/wp\/v2\/pages"}],"about":[{"href":"http:\/\/geotechnik-henzinger.at\/index.php?rest_route=\/wp\/v2\/types\/page"}],"author":[{"embeddable":true,"href":"http:\/\/geotechnik-henzinger.at\/index.php?rest_route=\/wp\/v2\/users\/1"}],"replies":[{"embeddable":true,"href":"http:\/\/geotechnik-henzinger.at\/index.php?rest_route=%2Fwp%2Fv2%2Fcomments&post=21"}],"version-history":[{"count":8,"href":"http:\/\/geotechnik-henzinger.at\/index.php?rest_route=\/wp\/v2\/pages\/21\/revisions"}],"predecessor-version":[{"id":306,"href":"http:\/\/geotechnik-henzinger.at\/index.php?rest_route=\/wp\/v2\/pages\/21\/revisions\/306"}],"wp:attachment":[{"href":"http:\/\/geotechnik-henzinger.at\/index.php?rest_route=%2Fwp%2Fv2%2Fmedia&parent=21"}],"curies":[{"name":"wp","href":"https:\/\/api.w.org\/{rel}","templated":true}]}}